{"id":3,"date":"2021-09-13T01:56:45","date_gmt":"2021-09-12T23:56:45","guid":{"rendered":"https:\/\/www.transdevcompagnieaxonaise.com\/boutique\/?page_id=3"},"modified":"2022-06-30T11:32:25","modified_gmt":"2022-06-30T09:32:25","slug":"politique-de-confidentialite","status":"publish","type":"page","link":"https:\/\/www.transdevcompagnieaxonaise.com\/boutique\/politique-de-confidentialite\/","title":{"rendered":"Politique de confidentialit\u00e9"},"content":{"rendered":"\t\t<div data-elementor-type=\"wp-page\" data-elementor-id=\"3\" class=\"elementor elementor-3\" data-elementor-settings=\"[]\">\n\t\t\t\t\t\t\t<div class=\"elementor-section-wrap\">\n\t\t\t\t\t\t\t<section class=\"elementor-section elementor-top-section elementor-element elementor-element-638b6a58 elementor-section-boxed elementor-section-height-default elementor-section-height-default\" data-id=\"638b6a58\" data-element_type=\"section\" data-settings=\"{&quot;background_background&quot;:&quot;classic&quot;}\">\n\t\t\t\t\t\t<div class=\"elementor-container elementor-column-gap-default\">\n\t\t\t\t\t<div class=\"elementor-column elementor-col-100 elementor-top-column elementor-element elementor-element-6bb7625b\" data-id=\"6bb7625b\" data-element_type=\"column\">\n\t\t\t<div class=\"elementor-widget-wrap elementor-element-populated\">\n\t\t\t\t\t\t\t\t<div class=\"elementor-element elementor-element-f98e829 elementor-widget elementor-widget-text-editor\" data-id=\"f98e829\" data-element_type=\"widget\" data-widget_type=\"text-editor.default\">\n\t\t\t\t<div class=\"elementor-widget-container\">\n\t\t\t\t\t\t\t\t<h4 style=\"color: #303f74; margin-bottom: -15px;\">Transdev Compagnie Axonaise, \u00e0 vos c\u00f4t\u00e9s par tous les temps<\/h4>\n<h1 style=\"color: #282828; margin-bottom: 0px;\"><strong>CR\u00c9DITS ET MENTIONS L\u00c9GALES<\/strong><\/h1>\t\t\t\t\t\t<\/div>\n\t\t\t\t<\/div>\n\t\t\t\t<div class=\"elementor-element elementor-element-e37cd85 elementor-widget-divider--view-line elementor-widget elementor-widget-divider\" data-id=\"e37cd85\" data-element_type=\"widget\" data-widget_type=\"divider.default\">\n\t\t\t\t<div class=\"elementor-widget-container\">\n\t\t\t\t\t<div class=\"elementor-divider\">\n\t\t\t<span class=\"elementor-divider-separator\">\n\t\t\t\t\t\t<\/span>\n\t\t<\/div>\n\t\t\t\t<\/div>\n\t\t\t\t<\/div>\n\t\t\t\t<div class=\"elementor-element elementor-element-2e9f71fc elementor-widget elementor-widget-text-editor\" data-id=\"2e9f71fc\" data-element_type=\"widget\" data-widget_type=\"text-editor.default\">\n\t\t\t\t<div class=\"elementor-widget-container\">\n\t\t\t\t\t\t\t\t<p><strong>TRANSDEV COMPAGNIE AXONAISE<\/strong> collecte de mani\u00e8re transparente vos donn\u00e9es personnelles.<br \/>Avant de les collecter vos donn\u00e9es personnelles, TRANSDEV COMPAGNIE AXONAISE vous informe de l&#8217;usage qui en sera fait.<br \/><br \/><strong>Utilisation de vos donn\u00e9es personnelles collect\u00e9es et trait\u00e9es par TRANSDEV COMPAGNIE AXONAISE.<\/strong><br \/><br \/>Les donn\u00e9es personnelles collect\u00e9es et trait\u00e9es par la TRANSDEV COMPAGNIE AXONAISE ob\u00e9issent \u00e0 des motifs de gestion et d&#8217;am\u00e9lioration du service et de respect de nos obligations l\u00e9gales. Les informations ainsi collect\u00e9es permettent \u00e0 TRANSDEV COMPAGNIE AXONAISE sur la base des fondements juridiques pr\u00e9vus par la r\u00e9glementation de les traiter.<br \/><br \/><strong>Dans le cadre de l\u2019ex\u00e9cution de votre contrat pour :<\/strong><br \/>&#8211; R\u00e9pondre \u00e0 nos besoins de gestion <br \/>&#8211; Permettre de vous identi\ufb01er et de vous authenti\ufb01er<br \/>&#8211; Communiquer avec vous dans le cadre d\u2019une assistance technique ou commerciale<br \/>&#8211; Am\u00e9liorer la relation clients en la personnalisant<br \/>&#8211; G\u00e9rer vos demandes d\u2019exercice des droits des personnes.<br \/><br \/><strong>\u00c0 des fins d\u2019int\u00e9r\u00eats l\u00e9gitimes ou, le cas \u00e9ch\u00e9ant, sur la base de votre consentement pour :<\/strong><br \/>&#8211; Mieux vous conna\u00eetre a\ufb01n de mieux r\u00e9pondre \u00e0 vos attentes<br \/>&#8211; Vous inviter \u00e0 vous exprimer sur l&#8217;utilisation des services de TRANSDEV COMPAGNIE AXONAISE (participer \u00e0 une enqu\u00eate clients,&#8230;) pour mesurer votre satisfaction et contribuer ainsi \u00e0 am\u00e9liorer l&#8217;offre de service de TRANSDEV COMPAGNIE AXONAISE<br \/>&#8211; Vous faire participer \u00e0 un jeu-concours<br \/>&#8211; D\u00e9velopper des produits et services de TRANSDEV COMPAGNIE AXONAISE <br \/>&#8211; R\u00e9aliser des op\u00e9rations de prospection commerciale<br \/>&#8211; Enrichir et valoriser la base clients\/prospects<br \/>&#8211; R\u00e9alisation d\u2019\u00e9tudes statistiques, d\u2019analyses et de mesures d\u2019audience<br \/><br \/>Pour assurer le respect de nos obligations l\u00e9gales, r\u00e8glementaires et administratives telles que d\u00e9\ufb01nies par la l\u00e9gislation en vigueur.<br \/><br \/><strong>Transmission des donn\u00e9es<\/strong><br \/>TRANSDEV COMPAGNIE AXONAISE s&#8217;engage \u00e0 ne pas divulguer vos donn\u00e9es personnelles.<br \/>TRANSDEV COMPAGNIE AXONAISE s&#8217;interdit de vendre ou de louer vos donn\u00e9es personnelles \u00e0 des tiers.<br \/><br \/><strong>La collecte des donn\u00e9es personnelles !<\/strong><br \/><strong>Selon des modalit\u00e9s clairement exprim\u00e9es :<\/strong><br \/>La collecte des donn\u00e9es personnelles s&#8217;effectue notamment gr\u00e2ce \u00e0 des formulaires sur des supports papier imprim\u00e9s ou sur Internet ou via nos installations et \u00e9quipements de vid\u00e9osurveillance.<br \/>Les informations indispensables \u00e0 TRANSDEV COMPAGNIE AXONAISE et \u00e0 ses partenaires pour traiter et g\u00e9rer les services auxquels vous souhaitez souscrire, sont signal\u00e9es par un ast\u00e9risque dans les formulaires. Certaines donn\u00e9es peuvent \u00eatre communiqu\u00e9es \u00e0 titre facultatif et sont destin\u00e9es \u00e0 enrichir la relation commerciale par une<br \/><br \/>TRANSDEV COMPAGNIE AXONAISE assure la con\ufb01dentialit\u00e9 des donn\u00e9es personnelles que vous lui communiquez. Les destinataires de ces donn\u00e9es sont des agents habilit\u00e9s de TRANSDEV COMPAGNIE AXONAISE astreints \u00e0 une obligation de discr\u00e9tion professionnelle. Les donn\u00e9es personnelles sont trait\u00e9es conform\u00e9ment \u00e0 la r\u00e9glementation en vigueur, et pour les \ufb01nalit\u00e9s suivantes :<br \/><br \/><strong>Les \u00e9tudes, enqu\u00eates et questionnaires<\/strong><br \/>Quel que soit leur objet (satisfaction clients, identi\ufb01cation des besoins ou attentes, mesure de la qualit\u00e9, utilisation des services de mobilit\u00e9 &#8230;) les \u00e9tudes, enqu\u00eates et questionnaires administr\u00e9s directement par TRANSDEV COMPAGNIE AXONAISE ou par l&#8217;un de ses prestataires n&#8217;ont jamais d&#8217;objectif commercial de vente ou de marketing direct. Votre participation est volontaire et facultative, \u00e0 toutes les \u00e9tapes. L&#8217;objet de l&#8217;\u00e9tude et son commanditaire sont toujours pr\u00e9sent\u00e9s en introduction. Les donn\u00e9es collect\u00e9es lors d&#8217;une \u00e9tude ne sont ni conserv\u00e9es ni communiqu\u00e9es ni exploit\u00e9es \u00e0 d&#8217;autres \ufb01ns que celles de l&#8217;\u00e9tude. Les donn\u00e9es collect\u00e9es ne viennent pas compl\u00e9ter les donn\u00e9es personnelles d\u00e9j\u00e0 collect\u00e9es pr\u00e9alablement.<br \/>Vos coordonn\u00e9es ou identi\ufb01ants sont d\u00e9\ufb01nitivement supprim\u00e9s des \ufb01chiers de donn\u00e9es de l&#8217;enqu\u00eate d\u00e8s la v\u00e9ri\ufb01cation de la collecte termin\u00e9e.<br \/>Les r\u00e9ponses sont trait\u00e9es de mani\u00e8re strictement statistique. Vos r\u00e9ponses sont anonymes et les rapports comportent uniquement les donn\u00e9es agr\u00e9g\u00e9es. Vous ne pouvez pas \u00eatre r\u00e9-identi\ufb01\u00e9s \u00e0 partir des renseignements que vous avez fournis en r\u00e9pondant \u00e0 une enqu\u00eate.<br \/><br \/><strong>Les jeux-concours<\/strong><br \/>Les informations obligatoires (nom, pr\u00e9nom, e-mail, code postal, ville, num\u00e9ro de t\u00e9l\u00e9phone) que vous saisissez dans le cadre d&#8217;un jeu-concours sont conserv\u00e9es par TRANSDEV COMPAGNIE AXONAISE dans la limite de la date de r\u00e9clamation pr\u00e9vue dans le r\u00e8glement du jeu- concours.<br \/><br \/><strong>Les \u00e9changes d&#8217;information<\/strong><br \/>Les informations et donn\u00e9es personnelles collect\u00e9es (nom, pr\u00e9nom, adresse, e-mail, num\u00e9ro de t\u00e9l\u00e9phone, pro\ufb01l, pseudo) dans le cadre de vos demandes d&#8217;information (formulaire de demande d&#8217;informations sur transdevcompagnieaxonaise.com et\/ou via le tchat) ne sont pas conserv\u00e9es par TRANSDEV COMPAGNIE AXONAISE.<br \/>Les informations et donn\u00e9es personnelles collect\u00e9es dans le cadre des r\u00e9clamations\/suggestions sont n\u00e9cessaires \u00e0 l&#8217;instruction de vos demandes. Ces donn\u00e9es ne sont accessibles qu&#8217;au personnel de TRANSDEV COMPAGNIE AXONAISE habilit\u00e9 \u00e0 traiter les r\u00e9clamations. Elles sont conserv\u00e9es par TRANSDEV COMPAGNIE AXONAISE 2 ans apr\u00e8s r\u00e9ception et archiv\u00e9es ensuite pendant 10 ans.<br \/><br \/><strong>Collecte d&#8217;informations statistiques<\/strong><br \/>Le site est \u00e0 tout moment susceptible d&#8217;utiliser des services pour collecter des informations statistiques anonymes qui ont pour unique objectif d&#8217;analyser la fr\u00e9quentation des pages et des services du site. Cette analyse permet \u00e0 TRANSDEV COMPAGNIE AXONAISE de mesurer l&#8217;utilisation r\u00e9elle qui est faite du site en vue d&#8217;am\u00e9liorer les services ou d&#8217;en cr\u00e9er de nouveaux, au plus pr\u00e8s des usages.<br \/><br \/><strong>Partage de vos donn\u00e9es personnelles avec ses partenaires, fournisseurs ou prestataires de service (sous certaines conditions)<\/strong><br \/><br \/>TRANSDEV COMPAGNIE AXONAISE ne communique vos donn\u00e9es personnelles qu&#8217;\u00e0 ses fournisseurs et prestataires de service habilit\u00e9s ainsi qu&#8217;aux partenaires de la mobilit\u00e9 avec qui elle est li\u00e9e contractuellement et dans le respect des cas pr\u00e9vus par la loi.<br \/>Les partenaires, fournisseurs ou prestataires de service s&#8217;engagent pendant toute la dur\u00e9e du contrat qu&#8217;ils ont sign\u00e9, \u00e0 respecter les m\u00eames r\u00e8gles relatives \u00e0 la protection et \u00e0 la conservation de vos donn\u00e9es personnelles que celles de TRANSDEV COMPAGNIE AXONAISE. TRANSDEV COMPAGNIE AXONAISE s&#8217;assure que ses partenaires, fournisseurs ou prestataires respectent les conditions strictes de con\ufb01dentialit\u00e9 d&#8217;usage de protection et de conservation des donn\u00e9es personnelles.<br \/><br \/><strong>Confidentialit\u00e9 des donn\u00e9es personnelles<\/strong><br \/>TRANSDEV COMPAGNIE AXONAISE s\u2019engage \u00e0 prendre toutes pr\u00e9cautions utiles pour pr\u00e9server la s\u00e9curit\u00e9 des donn\u00e9es collect\u00e9es, pour maintenir la con\ufb01dentialit\u00e9 des informations fournies et en particulier pour emp\u00eacher que ces donn\u00e9es ne soient d\u00e9form\u00e9es, endommag\u00e9es ou que des tiers non autoris\u00e9s y aient acc\u00e8s.<br \/>Les donn\u00e9es personnelles recueillies dans le cadre des services propos\u00e9s sur transdevcompagnieaxonaise.com sont trait\u00e9es selon des protocoles s\u00e9curis\u00e9s et permettent \u00e0 TRANSDEV COMPAGNIE AXONAISE de g\u00e9rer les demandes re\u00e7ues dans ses applications informatiques.<br \/>Nous avons pour objectif de toujours conserver vos donn\u00e9es personnelles de la mani\u00e8re la plus s\u00fbre et la plus s\u00e9curis\u00e9e, et uniquement pendant la dur\u00e9e n\u00e9cessaire \u00e0 la r\u00e9alisation de la \ufb01nalit\u00e9 poursuivie par le traitement. Dans cette perspective, nous prenons les mesures physiques, techniques et organisationnelles appropri\u00e9es pour emp\u00eacher dans toute la mesure du possible toute alt\u00e9ration ou perte de vos donn\u00e9es ou tout acc\u00e8s non autoris\u00e9 \u00e0 celles-ci.<br \/>Le respect de la s\u00e9curit\u00e9 et de la protection de vos donn\u00e9es s\u2019impose \u00e0 l\u2019ensemble de nos collaborateurs ainsi qu\u2019\u00e0 nos prestataires. Par exemple, vos informations personnelles sont h\u00e9berg\u00e9es dans des centres de donn\u00e9es qui sont localis\u00e9s dans l\u2019union europ\u00e9enne et en France d\u00e8s que cela est possible.<br \/>Bien que TRANSDEV COMPAGNIE AXONAISE mette en place toutes les mesures possibles pour prot\u00e9ger vos donn\u00e9es personnelles, nous ne pouvons pas garantir la s\u00e9curit\u00e9 des informations transmises sur nos sites Internet lorsqu\u2019un d\u00e9faut de s\u00e9curit\u00e9 affecte votre terminal ou navigateur.<br \/><br \/><strong>Violations de donn\u00e9es<\/strong><br \/>TRANSDEV COMPAGNIE AXONAISE signalera toute violation des donn\u00e9es \u00e0 la CNIL si celle-ci est susceptible de repr\u00e9senter un risque pour vos droits et libert\u00e9s. Si ces risques sont \u00e9lev\u00e9s, TRANSDEV COMPAGNIE AXONAISE vous en informera le plus rapidement possible et vous adressera des conseils pour prot\u00e9ger vos donn\u00e9es (ex. modi\ufb01cation du mot de passe, \u2026).<br \/><br \/><strong>Dur\u00e9es de conservation et d&#8217;archivage de vos donn\u00e9es personnelles<\/strong><br \/>&#8211; TRANSDEV COMPAGNIE AXONAISE ne conserve vos donn\u00e9es que pendant la dur\u00e9e n\u00e9cessaire \u00e0 l\u2019accomplissement des \ufb01nalit\u00e9s mentionn\u00e9es ci-dessus ou pour nous permettre de r\u00e9pondre \u00e0 nos obligations l\u00e9gales.<br \/>&#8211; La conservation de vos donn\u00e9es personnelles Vos donn\u00e9es personnelles ne sont accessibles qu&#8217;au personnel de TRANSDEV COMPAGNIE AXONAISE habilit\u00e9 au traitement de ces donn\u00e9es et \u00e0 la v\u00e9ri\ufb01cation du bon fonctionnement des \ufb02ux de donn\u00e9es num\u00e9riques.<br \/><br \/>Au premier trimestre de chaque ann\u00e9e, TRANSDEV COMPAGNIE AXONAISE archive les donn\u00e9es des clients avec lesquels elle n&#8217;a plus de relation commerciale depuis 2 ans.<br \/>La gestion des r\u00e9clamations se conservera 5 ans \u00e0 partir de la cl\u00f4ture de la r\u00e9clamation. &#8211; L&#8217;archivage de vos donn\u00e9es personnelles<br \/>Vos donn\u00e9es personnelles, lorsqu&#8217;elles sont archiv\u00e9es, ne sont plus accessibles au personnel de TRANSDEV COMPAGNIE AXONAISE, \u00e0 l&#8217;exception des seules personnes habilit\u00e9es. Les bases de donn\u00e9es de TRANSDEV COMPAGNIE AXONAISE sont syst\u00e9matiquement archiv\u00e9es. Celles-ci sont ensuite conserv\u00e9es 10 ans, pour satisfaire aux dur\u00e9es l\u00e9gales de conservation des documents d&#8217;entreprise. A l&#8217;issue des op\u00e9rations d\u2019\u00e9puration tous les 18 mois, seules sont conserv\u00e9es, les informations permettant de r\u00e9pondre \u00e0 d\u2019\u00e9ventuelles contestations ainsi qu&#8217;aux besoins statistiques de l\u2019administration du site.<br \/><br \/><strong>Droits relatifs aux donn\u00e9es personnelles<\/strong><br \/>Vous pouvez demander \u00e0 tout moment l\u2019acc\u00e8s aux donn\u00e9es \u00e0 caract\u00e8re personnel vous concernant, leur recti\ufb01cation, leur effacement (dans la mesure o\u00f9 cela n\u2019emp\u00eache pas la bonne ex\u00e9cution du contrat ou le respect des obligations l\u00e9gales de TRANSDEV COMPAGNIE AXONAISE) et la limitation d\u2019un ou plusieurs traitements particuliers de donn\u00e9es vous concernant, dans les conditions pr\u00e9vues par la r\u00e9glementation.<br \/>Vous disposez \u00e9galement du droit de modi\ufb01er ou de retirer, \u00e0 tout moment, les consentements que vous nous avez accord\u00e9s pour le traitement de vos donn\u00e9es \u00e0 caract\u00e8re personnel.<br \/>Vous disposez par ailleurs du droit de vous opposer \u00e0 un traitement de vos donn\u00e9es \u00e0 caract\u00e8re personnel.<br \/>Il est rappel\u00e9 que toute personne proc\u00e9dant \u00e0 une fausse d\u00e9claration pour elle-m\u00eame ou pour autrui s\u2019expose \u00e0 des poursuites et \u00e0 des sanctions p\u00e9nales.<br \/>Actualisation des donn\u00e9es transmises :<br \/>Il est important que les informations que vous nous transmettez soient exactes et \u00e0 jour et que vous nous informiez sans d\u00e9lai de tout changement signi\ufb01catif vous concernant.<br \/>Vous pouvez exercer vos droits :<br \/><br \/>&#8211; Soit en remplissant le formulaire \u00e9lectronique pr\u00e9sent \u00e0 la rubrique \u00abcontactez-nous\u00bb sur notre site dkbus.com.<br \/>&#8211; Soit en adressant un courrier au Service Clients de TRANSDEV COMPAGNIE AXONAISE situ\u00e9 29 bis Avenue du G\u00e9n\u00e9ral De Gaulle 02100 SAINT\u2013QUENTIN.<br \/>&#8211; Soit par courriel \u00e0 commercial@transdevcompagnieaxonaise.com<br \/>&#8211; Soit, le cas \u00e9ch\u00e9ant, si vous n\u2019\u00eates pas satisfait de nos \u00e9changes, de saisir la Commission Nationale de l\u2019Informatique et des Libert\u00e9s (CNIL) \u00e0 l\u2019adresse suivante : CNIL \u2013 3 place de Fontenoy \u2013 TSA 80715 \u2013 75334 Paris cedex 07<br \/>Aucune demande ne pourra pas \u00eatre prise en compte par t\u00e9l\u00e9phone.<br \/>Pour toute demande d\u2019acc\u00e8s aux donn\u00e9es personnelles, TRANSDEV COMPAGNIE AXONAISE r\u00e9pondra dans un d\u00e9lai d\u2019un mois \u00e0 compter de la r\u00e9ception de la demande.<br \/><br \/><strong>Politique de cookies<\/strong><br \/>Introduction<br \/>Notre site web utilise des cookies et autres technologies li\u00e9es. Des cookies sont \u00e9galement plac\u00e9s par des tiers que nous avons engag\u00e9s. Dans le document ci-dessous, nous vous informons de l\u2019utilisation des cookies sur notre site web.<br \/><br \/>\u00a0Qu\u2019est-ce qu\u2019un cookie ?<br \/>Un cookie est un petit \ufb01chier simple envoy\u00e9 avec les pages de ce site web et stock\u00e9 par votre navigateur sur le disque dur de votre ordinateur ou d\u2019un autre appareil. Les informations qui y sont stock\u00e9es peuvent \u00eatre renvoy\u00e9es \u00e0 nos serveurs ou aux serveurs des tiers concern\u00e9s lors d\u2019une visite ult\u00e9rieure.<br \/><br \/>\u00a0Qu\u2019est-ce qu\u2019un script ?<br \/>Un script est un morceau de code de programme qui est utilis\u00e9 pour que notre site web fonctionne correctement et de fa\u00e7on interactive. Ce code est ex\u00e9cut\u00e9 sur notre serveur ou sur votre appareil.<br \/><br \/>Consentement<br \/>Lorsque vous visitez notre site web pour la premi\u00e8re fois, nous vous afficherons une fen\u00eatre contextuelle avec une explication sur les cookies. D\u00e8s que vous cliquez sur \u00ab Accepter\u00bb, vous consentez \u00e0 notre utilisation de tous les cookies et extensions, comme d\u00e9crit dans la fen\u00eatre contextuelle et cette d\u00e9claration sur les cookies. Vous pouvez d\u00e9sactiver l\u2019utilisation de cookies sur votre navigateur, mais veuillez noter que notre site web risque de ne plus fonctionner correctement.<br \/><br \/>Tiers<br \/>Nous avons conclu des accords sur l\u2019utilisation de cookies avec d\u2019autres soci\u00e9t\u00e9s qui placent des cookies. Nous ne pouvons cependant garantir que ces tiers g\u00e8rent vos donn\u00e9es personnelles de mani\u00e8re \ufb01able ou s\u00e9curis\u00e9e. Certains, tels que Google, doivent \u00eatre consid\u00e9r\u00e9s comme des responsables du traitement des donn\u00e9es ind\u00e9pendants au sens du r\u00e8glement g\u00e9n\u00e9ral sur la protection des donn\u00e9es (RGPD). Nous vous recommandons de lire les d\u00e9clarations de con\ufb01dentialit\u00e9 de ces soci\u00e9t\u00e9s.<\/p>\t\t\t\t\t\t<\/div>\n\t\t\t\t<\/div>\n\t\t\t\t\t<\/div>\n\t\t<\/div>\n\t\t\t\t\t\t\t<\/div>\n\t\t<\/section>\n\t\t\t\t\t\t<\/div>\n\t\t\t\t\t<\/div>\n\t\t","protected":false},"excerpt":{"rendered":"<p>Transdev Compagnie Axonaise, \u00e0 vos c\u00f4t\u00e9s par tous les temps CR\u00c9DITS ET MENTIONS L\u00c9GALES TRANSDEV COMPAGNIE AXONAISE collecte de mani\u00e8re transparente vos donn\u00e9es personnelles.Avant de les collecter vos donn\u00e9es personnelles, TRANSDEV COMPAGNIE AXONAISE vous informe de l&#8217;usage qui en sera fait. Utilisation de vos donn\u00e9es personnelles collect\u00e9es et trait\u00e9es par TRANSDEV COMPAGNIE AXONAISE. Les donn\u00e9es personnelles collect\u00e9es et trait\u00e9es par la TRANSDEV COMPAGNIE AXONAISE ob\u00e9issent \u00e0 des motifs de gestion&hellip;<\/p>\n","protected":false},"author":1,"featured_media":0,"parent":0,"menu_order":0,"comment_status":"closed","ping_status":"open","template":"","meta":{"footnotes":""},"class_list":["post-3","page","type-page","status-publish","hentry"],"_links":{"self":[{"href":"https:\/\/www.transdevcompagnieaxonaise.com\/boutique\/wp-json\/wp\/v2\/pages\/3","targetHints":{"allow":["GET"]}}],"collection":[{"href":"https:\/\/www.transdevcompagnieaxonaise.com\/boutique\/wp-json\/wp\/v2\/pages"}],"about":[{"href":"https:\/\/www.transdevcompagnieaxonaise.com\/boutique\/wp-json\/wp\/v2\/types\/page"}],"author":[{"embeddable":true,"href":"https:\/\/www.transdevcompagnieaxonaise.com\/boutique\/wp-json\/wp\/v2\/users\/1"}],"replies":[{"embeddable":true,"href":"https:\/\/www.transdevcompagnieaxonaise.com\/boutique\/wp-json\/wp\/v2\/comments?post=3"}],"version-history":[{"count":10,"href":"https:\/\/www.transdevcompagnieaxonaise.com\/boutique\/wp-json\/wp\/v2\/pages\/3\/revisions"}],"predecessor-version":[{"id":1238,"href":"https:\/\/www.transdevcompagnieaxonaise.com\/boutique\/wp-json\/wp\/v2\/pages\/3\/revisions\/1238"}],"wp:attachment":[{"href":"https:\/\/www.transdevcompagnieaxonaise.com\/boutique\/wp-json\/wp\/v2\/media?parent=3"}],"curies":[{"name":"wp","href":"https:\/\/api.w.org\/{rel}","templated":true}]}}