{"id":794,"date":"2020-05-24T11:27:43","date_gmt":"2020-05-24T11:27:43","guid":{"rendered":"http:\/\/ownshopwp.spiraclethemes.com\/demo1\/?page_id=60"},"modified":"2026-02-17T21:41:02","modified_gmt":"2026-02-17T20:41:02","slug":"home-2","status":"publish","type":"page","link":"https:\/\/www.transdevcompagnieaxonaise.com\/boutique\/","title":{"rendered":"Home"},"content":{"rendered":"\t\t<div data-elementor-type=\"wp-page\" data-elementor-id=\"794\" class=\"elementor elementor-794\" data-elementor-settings=\"[]\">\n\t\t\t\t\t\t\t<div class=\"elementor-section-wrap\">\n\t\t\t\t\t\t\t<section class=\"elementor-section elementor-top-section elementor-element elementor-element-41d7339 elementor-section-full_width elementor-section-stretched elementor-section-height-min-height elementor-section-height-default elementor-section-items-middle\" data-id=\"41d7339\" data-element_type=\"section\" data-settings=\"{&quot;stretch_section&quot;:&quot;section-stretched&quot;}\">\n\t\t\t\t\t\t<div class=\"elementor-container elementor-column-gap-no\">\n\t\t\t\t\t<div class=\"elementor-column elementor-col-100 elementor-top-column elementor-element elementor-element-6a07c9f\" data-id=\"6a07c9f\" data-element_type=\"column\">\n\t\t\t<div class=\"elementor-widget-wrap elementor-element-populated\">\n\t\t\t\t\t\t\t\t<div class=\"elementor-element elementor-element-2f30652 elementor--h-position-center elementor--v-position-middle elementor-arrows-position-inside elementor-pagination-position-inside elementor-widget elementor-widget-slides\" data-id=\"2f30652\" data-element_type=\"widget\" data-settings=\"{&quot;transition&quot;:&quot;fade&quot;,&quot;navigation&quot;:&quot;both&quot;,&quot;autoplay&quot;:&quot;yes&quot;,&quot;pause_on_hover&quot;:&quot;yes&quot;,&quot;pause_on_interaction&quot;:&quot;yes&quot;,&quot;autoplay_speed&quot;:5000,&quot;infinite&quot;:&quot;yes&quot;,&quot;transition_speed&quot;:500}\" data-widget_type=\"slides.default\">\n\t\t\t\t<div class=\"elementor-widget-container\">\n\t\t\t\t\t<div class=\"elementor-swiper\">\n\t\t\t<div class=\"elementor-slides-wrapper elementor-main-swiper swiper-container\" dir=\"ltr\" data-animation=\"fadeInUp\">\n\t\t\t\t<div class=\"swiper-wrapper elementor-slides\">\n\t\t\t\t\t<div class=\"elementor-repeater-item-8f9e005 swiper-slide\"><div class=\"swiper-slide-bg\"><\/div><div class=\"swiper-slide-inner\" ><div class=\"swiper-slide-contents\"><div class=\"elementor-slide-heading\">Toujours \u00e0 vos c\u00f4t\u00e9s<\/div><div class=\"elementor-slide-description\">Tous les jours vous transporter<\/div><\/div><\/div><\/div><div class=\"elementor-repeater-item-6d4f99a swiper-slide\"><div class=\"swiper-slide-bg\"><\/div><div class=\"swiper-slide-inner\" ><div class=\"swiper-slide-contents\"><div class=\"elementor-slide-heading\">Toujours \u00e0 vos c\u00f4t\u00e9s<\/div><div class=\"elementor-slide-description\">Tous les jours vous transporter<\/div><\/div><\/div><\/div><div class=\"elementor-repeater-item-5b1a714 swiper-slide\"><div class=\"swiper-slide-bg\"><\/div><div class=\"swiper-slide-inner\" ><div class=\"swiper-slide-contents\"><div class=\"elementor-slide-heading\">Toujours \u00e0 vos c\u00f4t\u00e9s<\/div><div class=\"elementor-slide-description\">Tous les jours vous transporter<\/div><\/div><\/div><\/div><div class=\"elementor-repeater-item-80b59e6 swiper-slide\"><div class=\"swiper-slide-bg\"><\/div><div class=\"swiper-slide-inner\" ><div class=\"swiper-slide-contents\"><div class=\"elementor-slide-heading\">Toujours \u00e0 vos c\u00f4t\u00e9s<\/div><div class=\"elementor-slide-description\">Tous les jours vous transporter<\/div><\/div><\/div><\/div><div class=\"elementor-repeater-item-f43b46a swiper-slide\"><div class=\"swiper-slide-bg\"><\/div><div class=\"swiper-slide-inner\" ><div class=\"swiper-slide-contents\"><div class=\"elementor-slide-heading\">Toujours \u00e0 vos c\u00f4t\u00e9s<\/div><div class=\"elementor-slide-description\">Tous les jours vous transporter<\/div><\/div><\/div><\/div><div class=\"elementor-repeater-item-31f1186 swiper-slide\"><div class=\"swiper-slide-bg\"><\/div><div class=\"swiper-slide-inner\" ><div class=\"swiper-slide-contents\"><div class=\"elementor-slide-heading\">Toujours \u00e0 vos c\u00f4t\u00e9s<\/div><div class=\"elementor-slide-description\">Tous les jours vous transporter<\/div><\/div><\/div><\/div><div class=\"elementor-repeater-item-88b310c swiper-slide\"><div class=\"swiper-slide-bg\"><\/div><div class=\"swiper-slide-inner\" ><div class=\"swiper-slide-contents\"><div class=\"elementor-slide-heading\">Toujours \u00e0 vos c\u00f4t\u00e9s<\/div><div class=\"elementor-slide-description\">Tous les jours vous transporter<\/div><\/div><\/div><\/div><div class=\"elementor-repeater-item-747052d swiper-slide\"><div class=\"swiper-slide-bg\"><\/div><div class=\"swiper-slide-inner\" ><div class=\"swiper-slide-contents\"><div class=\"elementor-slide-heading\">Toujours \u00e0 vos c\u00f4t\u00e9s<\/div><div class=\"elementor-slide-description\">Tous les jours vous transporter<\/div><\/div><\/div><\/div><div class=\"elementor-repeater-item-916f673 swiper-slide\"><div class=\"swiper-slide-bg\"><\/div><div class=\"swiper-slide-inner\" ><div class=\"swiper-slide-contents\"><div class=\"elementor-slide-heading\">Toujours \u00e0 vos c\u00f4t\u00e9s<\/div><div class=\"elementor-slide-description\">Tous les jours vous transporter<\/div><\/div><\/div><\/div><div class=\"elementor-repeater-item-3378a4d swiper-slide\"><div class=\"swiper-slide-bg\"><\/div><div class=\"swiper-slide-inner\" ><div class=\"swiper-slide-contents\"><div class=\"elementor-slide-heading\">Toujours \u00e0 vos c\u00f4t\u00e9s<\/div><div class=\"elementor-slide-description\">Tous les jours vous transporter<\/div><\/div><\/div><\/div>\t\t\t\t<\/div>\n\t\t\t\t\t\t\t\t\t\t\t\t\t\t\t<div class=\"swiper-pagination\"><\/div>\n\t\t\t\t\t\t\t\t\t\t\t\t\t\t\t\t<div class=\"elementor-swiper-button elementor-swiper-button-prev\">\n\t\t\t\t\t\t\t<i class=\"eicon-chevron-left\" aria-hidden=\"true\"><\/i>\n\t\t\t\t\t\t\t<span class=\"elementor-screen-only\">Previous<\/span>\n\t\t\t\t\t\t<\/div>\n\t\t\t\t\t\t<div class=\"elementor-swiper-button elementor-swiper-button-next\">\n\t\t\t\t\t\t\t<i class=\"eicon-chevron-right\" aria-hidden=\"true\"><\/i>\n\t\t\t\t\t\t\t<span class=\"elementor-screen-only\">Next<\/span>\n\t\t\t\t\t\t<\/div>\n\t\t\t\t\t\t\t\t\t\t\t\t<\/div>\n\t\t<\/div>\n\t\t\t\t<\/div>\n\t\t\t\t<\/div>\n\t\t\t\t\t<\/div>\n\t\t<\/div>\n\t\t\t\t\t\t\t<\/div>\n\t\t<\/section>\n\t\t\t\t<section class=\"elementor-section elementor-top-section elementor-element elementor-element-fd65bb7 elementor-section-boxed elementor-section-height-default elementor-section-height-default\" data-id=\"fd65bb7\" data-element_type=\"section\">\n\t\t\t\t\t\t<div class=\"elementor-container elementor-column-gap-default\">\n\t\t\t\t\t<div class=\"elementor-column elementor-col-100 elementor-top-column elementor-element elementor-element-4a58e4a\" data-id=\"4a58e4a\" data-element_type=\"column\">\n\t\t\t<div class=\"elementor-widget-wrap elementor-element-populated\">\n\t\t\t\t\t\t\t\t<div class=\"elementor-element elementor-element-0c7ef33 elementor-widget elementor-widget-heading\" data-id=\"0c7ef33\" data-element_type=\"widget\" data-widget_type=\"heading.default\">\n\t\t\t\t<div class=\"elementor-widget-container\">\n\t\t\t<h3 class=\"elementor-heading-title elementor-size-default\">Transdev Compagnie Axonaise<\/h3>\t\t<\/div>\n\t\t\t\t<\/div>\n\t\t\t\t\t<\/div>\n\t\t<\/div>\n\t\t\t\t\t\t\t<\/div>\n\t\t<\/section>\n\t\t\t\t<section class=\"elementor-section elementor-top-section elementor-element elementor-element-1d09a3b elementor-section-boxed elementor-section-height-default elementor-section-height-default\" data-id=\"1d09a3b\" data-element_type=\"section\">\n\t\t\t\t\t\t<div class=\"elementor-container elementor-column-gap-default\">\n\t\t\t\t\t<div class=\"elementor-column elementor-col-100 elementor-top-column elementor-element elementor-element-73f1026\" data-id=\"73f1026\" data-element_type=\"column\">\n\t\t\t<div class=\"elementor-widget-wrap elementor-element-populated\">\n\t\t\t\t\t\t\t\t<div class=\"elementor-element elementor-element-c10a593 elementor-widget elementor-widget-heading\" data-id=\"c10a593\" data-element_type=\"widget\" data-widget_type=\"heading.default\">\n\t\t\t\t<div class=\"elementor-widget-container\">\n\t\t\t<h1 class=\"elementor-heading-title elementor-size-default\">VOTRE BOUTIQUE VOYAGES<\/h1>\t\t<\/div>\n\t\t\t\t<\/div>\n\t\t\t\t<div class=\"elementor-element elementor-element-9b7f134 elementor-widget-divider--view-line elementor-widget elementor-widget-divider\" data-id=\"9b7f134\" data-element_type=\"widget\" data-widget_type=\"divider.default\">\n\t\t\t\t<div class=\"elementor-widget-container\">\n\t\t\t\t\t<div class=\"elementor-divider\">\n\t\t\t<span class=\"elementor-divider-separator\">\n\t\t\t\t\t\t<\/span>\n\t\t<\/div>\n\t\t\t\t<\/div>\n\t\t\t\t<\/div>\n\t\t\t\t\t<\/div>\n\t\t<\/div>\n\t\t\t\t\t\t\t<\/div>\n\t\t<\/section>\n\t\t\t\t<section class=\"elementor-section elementor-top-section elementor-element elementor-element-6022403 elementor-section-boxed elementor-section-height-default elementor-section-height-default\" data-id=\"6022403\" data-element_type=\"section\">\n\t\t\t\t\t\t<div class=\"elementor-container elementor-column-gap-default\">\n\t\t\t\t\t<div class=\"elementor-column elementor-col-50 elementor-top-column elementor-element elementor-element-439962f\" data-id=\"439962f\" data-element_type=\"column\">\n\t\t\t<div class=\"elementor-widget-wrap elementor-element-populated\">\n\t\t\t\t\t\t\t\t<div class=\"elementor-element elementor-element-ce367ad elementor-widget elementor-widget-image\" data-id=\"ce367ad\" data-element_type=\"widget\" data-widget_type=\"image.default\">\n\t\t\t\t<div class=\"elementor-widget-container\">\n\t\t\t\t\t\t\t\t\t\t\t\t\t\t\t<img loading=\"lazy\" decoding=\"async\" width=\"640\" height=\"427\" src=\"https:\/\/www.transdevcompagnieaxonaise.com\/boutique\/wp-content\/uploads\/2022\/03\/cool.png\" class=\"attachment-large size-large\" alt=\"\" srcset=\"https:\/\/www.transdevcompagnieaxonaise.com\/boutique\/wp-content\/uploads\/2022\/03\/cool.png 900w, https:\/\/www.transdevcompagnieaxonaise.com\/boutique\/wp-content\/uploads\/2022\/03\/cool-600x400.png 600w, https:\/\/www.transdevcompagnieaxonaise.com\/boutique\/wp-content\/uploads\/2022\/03\/cool-300x200.png 300w, https:\/\/www.transdevcompagnieaxonaise.com\/boutique\/wp-content\/uploads\/2022\/03\/cool-768x512.png 768w\" sizes=\"auto, (max-width: 640px) 100vw, 640px\" \/>\t\t\t\t\t\t\t\t\t\t\t\t\t\t\t<\/div>\n\t\t\t\t<\/div>\n\t\t\t\t\t<\/div>\n\t\t<\/div>\n\t\t\t\t<div class=\"elementor-column elementor-col-50 elementor-top-column elementor-element elementor-element-5acf9bc\" data-id=\"5acf9bc\" data-element_type=\"column\">\n\t\t\t<div class=\"elementor-widget-wrap elementor-element-populated\">\n\t\t\t\t\t\t\t\t<div class=\"elementor-element elementor-element-76c6f89 elementor-widget elementor-widget-text-editor\" data-id=\"76c6f89\" data-element_type=\"widget\" data-widget_type=\"text-editor.default\">\n\t\t\t\t<div class=\"elementor-widget-container\">\n\t\t\t\t\t\t\t\t<span style=\"font-weight:400; font-size:47px\">Nouveau catalogue en cours de mise \u00e0 jour pour l&#8217;ann\u00e9e 2026&#8230;<\/span><br><br>\n\nA tr\u00e8s bient\u00f4t sur notre boutique pour des sorties et des voyages inoubliables.\t\t\t\t\t\t<\/div>\n\t\t\t\t<\/div>\n\t\t\t\t\t<\/div>\n\t\t<\/div>\n\t\t\t\t\t\t\t<\/div>\n\t\t<\/section>\n\t\t\t\t<section class=\"elementor-section elementor-top-section elementor-element elementor-element-7c5b04b elementor-hidden-desktop elementor-hidden-tablet elementor-hidden-phone elementor-section-boxed elementor-section-height-default elementor-section-height-default\" data-id=\"7c5b04b\" data-element_type=\"section\">\n\t\t\t\t\t\t<div class=\"elementor-container elementor-column-gap-default\">\n\t\t\t\t\t<div class=\"elementor-column elementor-col-50 elementor-top-column elementor-element elementor-element-19aced2\" data-id=\"19aced2\" data-element_type=\"column\">\n\t\t\t<div class=\"elementor-widget-wrap elementor-element-populated\">\n\t\t\t\t\t\t\t\t<div class=\"elementor-element elementor-element-5c2b727 elementor-widget elementor-widget-image\" data-id=\"5c2b727\" data-element_type=\"widget\" data-widget_type=\"image.default\">\n\t\t\t\t<div class=\"elementor-widget-container\">\n\t\t\t\t\t\t\t\t\t\t\t\t\t\t\t<img loading=\"lazy\" decoding=\"async\" width=\"640\" height=\"640\" src=\"https:\/\/www.transdevcompagnieaxonaise.com\/boutique\/wp-content\/uploads\/2024\/01\/kabaret-reims.png\" class=\"attachment-large size-large\" alt=\"\" srcset=\"https:\/\/www.transdevcompagnieaxonaise.com\/boutique\/wp-content\/uploads\/2024\/01\/kabaret-reims.png 700w, https:\/\/www.transdevcompagnieaxonaise.com\/boutique\/wp-content\/uploads\/2024\/01\/kabaret-reims-300x300.png 300w, https:\/\/www.transdevcompagnieaxonaise.com\/boutique\/wp-content\/uploads\/2024\/01\/kabaret-reims-150x150.png 150w, https:\/\/www.transdevcompagnieaxonaise.com\/boutique\/wp-content\/uploads\/2024\/01\/kabaret-reims-600x600.png 600w, https:\/\/www.transdevcompagnieaxonaise.com\/boutique\/wp-content\/uploads\/2024\/01\/kabaret-reims-100x100.png 100w\" sizes=\"auto, (max-width: 640px) 100vw, 640px\" \/>\t\t\t\t\t\t\t\t\t\t\t\t\t\t\t<\/div>\n\t\t\t\t<\/div>\n\t\t\t\t\t<\/div>\n\t\t<\/div>\n\t\t\t\t<div class=\"elementor-column elementor-col-50 elementor-top-column elementor-element elementor-element-37d5e0e\" data-id=\"37d5e0e\" data-element_type=\"column\">\n\t\t\t<div class=\"elementor-widget-wrap elementor-element-populated\">\n\t\t\t\t\t\t\t\t<div class=\"elementor-element elementor-element-5fde366 elementor-widget elementor-widget-text-editor\" data-id=\"5fde366\" data-element_type=\"widget\" data-widget_type=\"text-editor.default\">\n\t\t\t\t<div class=\"elementor-widget-container\">\n\t\t\t\t\t\t\t\t<p><strong>Plumes, paillets compagnie au kabaret de Reims<br \/><\/strong>le 1er NOVREMBRE 2025<strong><br \/><\/strong><\/p>\t\t\t\t\t\t<\/div>\n\t\t\t\t<\/div>\n\t\t\t\t<div class=\"elementor-element elementor-element-ad9dcf8 elementor-widget-divider--view-line elementor-widget elementor-widget-divider\" data-id=\"ad9dcf8\" data-element_type=\"widget\" data-widget_type=\"divider.default\">\n\t\t\t\t<div class=\"elementor-widget-container\">\n\t\t\t\t\t<div class=\"elementor-divider\">\n\t\t\t<span class=\"elementor-divider-separator\">\n\t\t\t\t\t\t<\/span>\n\t\t<\/div>\n\t\t\t\t<\/div>\n\t\t\t\t<\/div>\n\t\t\t\t<div class=\"elementor-element elementor-element-4b413f7 elementor-widget elementor-widget-text-editor\" data-id=\"4b413f7\" data-element_type=\"widget\" data-widget_type=\"text-editor.default\">\n\t\t\t\t<div class=\"elementor-widget-container\">\n\t\t\t\t\t\t\t\t<p><strong>Au d\u00e9part de Soissons gare SNCF 18h30<\/strong><br \/>Retour Soissons gare SNCF 02h30<\/p><p><strong>Au d\u00e9part de Chauny gare SNCF 17h45<\/strong> <br \/>Retour Chauny gare SNCF 03h15<\/p><p><strong>Au d\u00e9part de St Quentin place de la libert\u00e9 17h00<\/strong><br \/>Retour St Quentin place de la libert\u00e9 04h00<\/p><p><em>Ce prix comprend\u00a0: le transport en autocar \u00a0\u00a0<\/em><\/p>\t\t\t\t\t\t<\/div>\n\t\t\t\t<\/div>\n\t\t\t\t<div class=\"elementor-element elementor-element-2335978 elementor-widget elementor-widget-button\" data-id=\"2335978\" data-element_type=\"widget\" data-widget_type=\"button.default\">\n\t\t\t\t<div class=\"elementor-widget-container\">\n\t\t\t\t\t<div class=\"elementor-button-wrapper\">\n\t\t\t<a href=\"https:\/\/www.transdevcompagnieaxonaise.com\/boutique\/bus\/plumes-paillets-compagnie-au-kabaret-de-reims-le-1er-novrembre-2025\/\" class=\"elementor-button-link elementor-button elementor-size-md\" role=\"button\">\n\t\t\t\t\t\t<span class=\"elementor-button-content-wrapper\">\n\t\t\t\t\t\t<span class=\"elementor-button-icon elementor-align-icon-left\">\n\t\t\t\t<i aria-hidden=\"true\" class=\"fas fa-shopping-basket\"><\/i>\t\t\t<\/span>\n\t\t\t\t\t\t<span class=\"elementor-button-text\">Cliquez ici pour r\u00e9server<\/span>\n\t\t<\/span>\n\t\t\t\t\t<\/a>\n\t\t<\/div>\n\t\t\t\t<\/div>\n\t\t\t\t<\/div>\n\t\t\t\t<div class=\"elementor-element elementor-element-d53bb77 elementor-widget elementor-widget-button\" data-id=\"d53bb77\" data-element_type=\"widget\" data-widget_type=\"button.default\">\n\t\t\t\t<div class=\"elementor-widget-container\">\n\t\t\t\t\t<div class=\"elementor-button-wrapper\">\n\t\t\t<a href=\"https:\/\/www.transdevcompagnieaxonaise.com\/boutique\/kabaret-reims-2025.pdf\" target=\"_blank\" class=\"elementor-button-link elementor-button elementor-size-md\" role=\"button\">\n\t\t\t\t\t\t<span class=\"elementor-button-content-wrapper\">\n\t\t\t\t\t\t<span class=\"elementor-button-icon elementor-align-icon-left\">\n\t\t\t\t<i aria-hidden=\"true\" class=\"far fa-file-alt\"><\/i>\t\t\t<\/span>\n\t\t\t\t\t\t<span class=\"elementor-button-text\">Je t\u00e9l\u00e9charge la brochure<\/span>\n\t\t<\/span>\n\t\t\t\t\t<\/a>\n\t\t<\/div>\n\t\t\t\t<\/div>\n\t\t\t\t<\/div>\n\t\t\t\t\t<\/div>\n\t\t<\/div>\n\t\t\t\t\t\t\t<\/div>\n\t\t<\/section>\n\t\t\t\t\t\t<\/div>\n\t\t\t\t\t<\/div>\n\t\t","protected":false},"excerpt":{"rendered":"<p>Toujours \u00e0 vos c\u00f4t\u00e9sTous les jours vous transporterToujours \u00e0 vos c\u00f4t\u00e9sTous les jours vous transporterToujours \u00e0 vos c\u00f4t\u00e9sTous les jours vous transporterToujours \u00e0 vos c\u00f4t\u00e9sTous les jours vous transporterToujours \u00e0 vos c\u00f4t\u00e9sTous les jours vous transporterToujours \u00e0 vos c\u00f4t\u00e9sTous les jours vous transporterToujours \u00e0 vos c\u00f4t\u00e9sTous les jours vous transporterToujours \u00e0 vos c\u00f4t\u00e9sTous les jours vous transporterToujours \u00e0 vos c\u00f4t\u00e9sTous les jours vous transporterToujours \u00e0 vos c\u00f4t\u00e9sTous les jours vous&hellip;<\/p>\n","protected":false},"author":1,"featured_media":0,"parent":0,"menu_order":0,"comment_status":"closed","ping_status":"closed","template":"elementor_theme","meta":{"footnotes":""},"class_list":["post-794","page","type-page","status-publish","hentry"],"_links":{"self":[{"href":"https:\/\/www.transdevcompagnieaxonaise.com\/boutique\/wp-json\/wp\/v2\/pages\/794","targetHints":{"allow":["GET"]}}],"collection":[{"href":"https:\/\/www.transdevcompagnieaxonaise.com\/boutique\/wp-json\/wp\/v2\/pages"}],"about":[{"href":"https:\/\/www.transdevcompagnieaxonaise.com\/boutique\/wp-json\/wp\/v2\/types\/page"}],"author":[{"embeddable":true,"href":"https:\/\/www.transdevcompagnieaxonaise.com\/boutique\/wp-json\/wp\/v2\/users\/1"}],"replies":[{"embeddable":true,"href":"https:\/\/www.transdevcompagnieaxonaise.com\/boutique\/wp-json\/wp\/v2\/comments?post=794"}],"version-history":[{"count":509,"href":"https:\/\/www.transdevcompagnieaxonaise.com\/boutique\/wp-json\/wp\/v2\/pages\/794\/revisions"}],"predecessor-version":[{"id":3979,"href":"https:\/\/www.transdevcompagnieaxonaise.com\/boutique\/wp-json\/wp\/v2\/pages\/794\/revisions\/3979"}],"wp:attachment":[{"href":"https:\/\/www.transdevcompagnieaxonaise.com\/boutique\/wp-json\/wp\/v2\/media?parent=794"}],"curies":[{"name":"wp","href":"https:\/\/api.w.org\/{rel}","templated":true}]}}